{"id":3,"date":"2025-01-10T10:34:48","date_gmt":"2025-01-10T15:34:48","guid":{"rendered":"https:\/\/moustache.com.co\/clientes\/ta\/?page_id=3"},"modified":"2025-11-24T20:09:14","modified_gmt":"2025-11-25T01:09:14","slug":"politica-privacidad","status":"publish","type":"page","link":"https:\/\/tata.com.co\/en\/politica-privacidad\/","title":{"rendered":"Pol\u00edtica de privacidad"},"content":{"rendered":"<h2 class=\"wp-block-heading\"><strong>Pol\u00edtica de privacidad y tratamiento de datos personales<\/strong><\/h2>\n\n\n\n<p>La presente Pol\u00edtica de Privacidad establece los t\u00e9rminos que &nbsp;<a href=\"https:\/\/tata.com.co\/en\/\">https:\/\/tata.com.co\/<\/a> usa y protege la informaci\u00f3n que es proporcionada por los usuarios al momento de utilizar su sitio web. Esta compa\u00f1\u00eda est\u00e1 comprometida con la seguridad de los datos de sus usuarios. Seg\u00fan la ley colombiana de habeas data y uso de tratamiento de datos ley 1581 de 2012.<\/p>\n\n\n\n<p>Cuando le pedimos llenar los campos de informaci\u00f3n personal con los que se pueda identificar, aseguramos que solo se emplear\u00e1 seg\u00fan los t\u00e9rminos de este documento. Esta Pol\u00edtica de Privacidad puede cambiar con el tiempo o actualizarse, por lo que le recomendamos y enfatizamos revisar esta p\u00e1gina para asegurarse de estar de acuerdo con esos cambios.<\/p>\n\n\n\n<p><strong>Informaci\u00f3n recopilada y justificaci\u00f3n<\/strong><\/p>\n\n\n\n<p>Recopilamos los datos personales de manera voluntaria, registrados en la base de datos susceptibles de tratamiento de datos, con el fin de brindar un servicio a los pacientes. Podr\u00edamos recolectar, por ejemplo, nombre; informaci\u00f3n de contacto; direcci\u00f3n de correo electr\u00f3nico e informaci\u00f3n demogr\u00e1fica.<\/p>\n\n\n\n<p>Cuando sea necesario, podr\u00eda ser requerida informaci\u00f3n espec\u00edfica para procesar alg\u00fan pedido, pago, o realizar entrega y facturaci\u00f3n.<\/p>\n\n\n\n<p><strong>Uso de informaci\u00f3n recogida<\/strong><\/p>\n\n\n\n<p>Nuestro sitio web emplea la informaci\u00f3n con el fin de proporcionar el mejor servicio posible, particularmente para mantener un registro de usuarios, de pedidos en caso de que aplique, y mejorar nuestros productos y servicios.&nbsp; Puede que se env\u00eden correos electr\u00f3nicos peri\u00f3dicamente a trav\u00e9s de nuestro sitio con ofertas especiales, nuevos productos y otra informaci\u00f3n publicitaria relevante para usted pueda darle beneficio, estos correos electr\u00f3nicos se enviar\u00e1n a la direcci\u00f3n proporcionada y podr\u00e1n cancelarse en cualquier momento.<\/p>\n\n\n\n<p><a href=\"https:\/\/tata.com.co\/en\/\">https:\/\/tata.com.co\/<\/a> est\u00e1 altamente comprometido para cumplir con el compromiso de mantener su informaci\u00f3n segura. Usamos los sistemas m\u00e1s avanzados y los actualizamos constantemente para asegurarnos que no exista ning\u00fan acceso no autorizado.<strong><\/strong><\/p>\n\n\n\n<p><strong>Cookies<\/strong><\/p>\n\n\n\n<p>El t\u00e9rmino &#8220;cookie&#8221; se refiere a un archivo enviado para solicitar permiso para almacenarse en su ordenador. Al aceptarlo, se crea e informa sobre el tr\u00e1fico web, facilitando as\u00ed futuras visitas a un sitio web recurrente. Adem\u00e1s, las cookies desempe\u00f1an la funci\u00f3n de permitir que los sitios web reconozcan individualmente, brind\u00e1ndole el mejor servicio personalizado.<\/p>\n\n\n\n<p>Cuando decida dejar un comentario en nuestro sitio web, tiene la opci\u00f3n de almacenar su nombre, direcci\u00f3n de correo electr\u00f3nico y sitio web en cookies, dise\u00f1adas para su conveniencia y evitando que tenga que volver a ingresar sus datos en futuros comentarios; estas cookies tienen una duraci\u00f3n de un a\u00f1o. Al visitar nuestra p\u00e1gina de inicio de sesi\u00f3n, creamos una cookie temporal para verificar la aceptaci\u00f3n de cookies por parte de su navegador, la cual no contiene informaci\u00f3n personal y se elimina al cerrar el navegador.<\/p>\n\n\n\n<p>Al iniciar sesi\u00f3n, configuramos cookies para almacenar su informaci\u00f3n de inicio de sesi\u00f3n y sus preferencias de visualizaci\u00f3n de pantalla. Las cookies de inicio de sesi\u00f3n duran dos d\u00edas, y las cookies de preferencias de pantalla perduran durante un a\u00f1o. Si seleccionas &#8220;Recordarme&#8221;, tu sesi\u00f3n de inicio persistir\u00e1 durante dos semanas. Al cerrar sesi\u00f3n, las cookies de inicio de sesi\u00f3n se eliminan. Si se edita o publica un art\u00edculo, se guarda una cookie adicional en su navegador que indica el ID de publicaci\u00f3n del art\u00edculo editado, y expira despu\u00e9s de 1 d\u00eda.<\/p>\n\n\n\n<p>Adem\u00e1s, nuestro sitio web utiliza cookies para identificar las p\u00e1ginas visitadas y su frecuencia con fines estad\u00edsticos; esta informaci\u00f3n se elimina permanentemente. Puede eliminar las cookies en cualquier momento desde su ordenador. Aunque las cookies no proporcionan acceso a la informaci\u00f3n de su ordenador sin su consentimiento, puede aceptar o rechazar su uso. La mayor\u00eda de los navegadores aceptan cookies autom\u00e1ticamente para mejorar el servicio web, pero puede cambiar la configuraci\u00f3n de tu ordenador para declinarlas, aunque esto podr\u00eda afectar el acceso a algunos de nuestros servicios.<\/p>\n\n\n\n<p><strong>Contenido de otros sitios web<\/strong><\/p>\n\n\n\n<p>Los art\u00edculos presentes en este sitio pueden contener contenido incrustado, como videos, im\u00e1genes o art\u00edculos, provenientes de otros sitios web. Este contenido incrustado se comporta de manera id\u00e9ntica a si el visitante estuviera visitando directamente el otro sitio web. Es importante destacar que estos sitios web externos pueden recopilar datos, utilizar cookies, implementar un seguimiento adicional de terceros y supervisar su interacci\u00f3n con dicho contenido incrustado. Esto incluye el seguimiento de su interacci\u00f3n espec\u00edfica, si posee una cuenta y has iniciado sesi\u00f3n en ese sitio web.<\/p>\n\n\n\n<p>Una vez que usted de clic en estos enlaces y abandone nuestra p\u00e1gina, no tenemos control sobre al sitio al que es redirigido, por lo tanto, no somos responsables de los <a href=\"https:\/\/word-edit.officeapps.live.com\/%22https:\/plantillaterminosycondicionestiendaonline.com\/\">t\u00e9rminos o privacidad<\/a> ni de la protecci\u00f3n de sus datos en esos otros sitios terceros. <a>Dichos sitios est\u00e1n sujetos a sus propias pol\u00edticas de privacidad por lo cual es recomendable que los consulte para confirmar que usted est\u00e1 de acuerdo con estas.<\/a><\/p>\n\n\n\n<p><strong>Control de informaci\u00f3n personal<\/strong><\/p>\n\n\n\n<p><a href=\"https:\/\/tata.com.co\/en\/\">https:\/\/tata.com.co\/<\/a> no vender\u00e1, ceder\u00e1, ni distribuir\u00e1 la informaci\u00f3n personal que es recopilada sin su consentimiento, salvo que sea requerido por un juez con un orden judicial. Se reserva el derecho de cambiar los t\u00e9rminos de la presente Pol\u00edtica de Privacidad en cualquier momento. Puede solicitar que borremos cualquier dato personal que tengamos sobre usted. Esto no incluye ning\u00fan dato que estemos obligados a conservar con fines administrativos, legales o de seguridad.<\/p>","protected":false},"excerpt":{"rendered":"<p>Pol\u00edtica de privacidad y tratamiento de datos personales La presente Pol\u00edtica de Privacidad establece los t\u00e9rminos que &nbsp;https:\/\/tata.com.co\/ usa y<\/p>","protected":false},"author":2,"featured_media":0,"parent":0,"menu_order":0,"comment_status":"closed","ping_status":"open","template":"","meta":{"footnotes":""},"class_list":["post-3","page","type-page","status-publish","hentry"],"_links":{"self":[{"href":"https:\/\/tata.com.co\/en\/wp-json\/wp\/v2\/pages\/3","targetHints":{"allow":["GET"]}}],"collection":[{"href":"https:\/\/tata.com.co\/en\/wp-json\/wp\/v2\/pages"}],"about":[{"href":"https:\/\/tata.com.co\/en\/wp-json\/wp\/v2\/types\/page"}],"author":[{"embeddable":true,"href":"https:\/\/tata.com.co\/en\/wp-json\/wp\/v2\/users\/2"}],"replies":[{"embeddable":true,"href":"https:\/\/tata.com.co\/en\/wp-json\/wp\/v2\/comments?post=3"}],"version-history":[{"count":0,"href":"https:\/\/tata.com.co\/en\/wp-json\/wp\/v2\/pages\/3\/revisions"}],"wp:attachment":[{"href":"https:\/\/tata.com.co\/en\/wp-json\/wp\/v2\/media?parent=3"}],"curies":[{"name":"wp","href":"https:\/\/api.w.org\/{rel}","templated":true}]}}