{"id":16132,"date":"2021-10-12T15:51:09","date_gmt":"2021-10-12T15:51:09","guid":{"rendered":"http:\/\/dummy.xtemos.com\/woodmart2\/elementor\/?page_id=4400"},"modified":"2026-01-13T12:17:40","modified_gmt":"2026-01-13T17:17:40","slug":"nosotros","status":"publish","type":"page","link":"https:\/\/tata.com.co\/en\/nosotros\/","title":{"rendered":"Nosotros"},"content":{"rendered":"<div data-elementor-type=\"wp-page\" data-elementor-id=\"16132\" class=\"elementor elementor-16132\" data-elementor-post-type=\"page\">\n\t\t\t\t<div class=\"wd-negative-gap elementor-element elementor-element-7c7c544 e-flex e-con-boxed e-con e-parent\" data-id=\"7c7c544\" data-element_type=\"container\" data-e-type=\"container\">\n\t\t\t\t\t<div class=\"e-con-inner\">\n\t\t<div class=\"elementor-element elementor-element-e7cb5cd e-con-full e-flex e-con e-child\" data-id=\"e7cb5cd\" data-element_type=\"container\" data-e-type=\"container\">\n\t\t\t\t<div class=\"elementor-element elementor-element-90c83d5 wd-width-100 elementor-widget elementor-widget-wd_video\" data-id=\"90c83d5\" data-element_type=\"widget\" data-e-type=\"widget\" data-widget_type=\"wd_video.default\">\n\t\t\t\t<div class=\"elementor-widget-container\">\n\t\t\t\t\t\n\t\t<div class=\"wd-el-video wd-action-without wd-video-hosted\">\n\t\t\t\t\t\t\t<video src=\"https:\/\/tata.com.co\/wp-content\/uploads\/2026\/01\/tata.mp4\" playsinline loop muted autoplay><\/video>\t\t\t\n\t\t\t\n\t\t\t\n\t\t\t\t\t<\/div>\n\t\t\t\t\t\t<\/div>\n\t\t\t\t<\/div>\n\t\t\t\t<\/div>\n\t\t<div class=\"elementor-element elementor-element-97d6084 e-con-full e-flex e-con e-child\" data-id=\"97d6084\" data-element_type=\"container\" data-e-type=\"container\">\n\t\t\t\t<div class=\"elementor-element elementor-element-98d830b wd-width-100 elementor-widget elementor-widget-wd_title\" data-id=\"98d830b\" data-element_type=\"widget\" data-e-type=\"widget\" data-widget_type=\"wd_title.default\">\n\t\t\t\t<div class=\"elementor-widget-container\">\n\t\t\t\t\t\t\t<div class=\"title-wrapper wd-set-mb reset-last-child wd-title-color-primary wd-title-style-default wd-title-size-large text-left\">\n\n\t\t\t\n\t\t\t<div class=\"liner-continer\">\n\t\t\t\t<h4 class=\"woodmart-title-container title wd-fontsize-xxl\">\u00bfQuienes somos?<\/h4> \n\t\t\t\t\t\t\t<\/div>\n\n\t\t\t\t\t<\/div>\n\t\t\t\t\t\t<\/div>\n\t\t\t\t<\/div>\n\t\t\t\t<div class=\"elementor-element elementor-element-66e47ad elementor-widget elementor-widget-wd_text_block\" data-id=\"66e47ad\" data-element_type=\"widget\" data-e-type=\"widget\" data-widget_type=\"wd_text_block.default\">\n\t\t\t\t<div class=\"elementor-widget-container\">\n\t\t\t\t\t\t\t<div class=\"wd-text-block reset-last-child text-left\">\n\t\t\t\n\t\t\t<p>En nuestra boutique de ropa deportiva, fundada en 2021 por nuestra creadora Natasha L\u00f3pez, combinamos pasi\u00f3n por el deporte y la moda para ofrecerte prendas exclusivas que se adaptan a tus entrenamientos y estilo de vida. Desde nuestros inicios, hemos trabajado con el objetivo de crear ropa que no solo sea funcional, sino que tambi\u00e9n inspire confianza, comodidad y rendimiento en cada movimiento.<\/p><p>Creemos que el bienestar comienza con sentirse bien en lo que llevas puesto, por eso cada una de nuestras prendas est\u00e1 dise\u00f1ada cuidadosamente, utilizando materiales de alta calidad que garantizan durabilidad, flexibilidad y estilo. Nuestra misi\u00f3n es acompa\u00f1arte en tus objetivos deportivos, ofreci\u00e9ndote piezas \u00fanicas que se ajusten a tu cuerpo y realcen tu comodidad en cualquier tipo de actividad f\u00edsica.<\/p><p>M\u00e1s all\u00e1 de ser solo una marca, somos una comunidad apasionada por el deporte, el bienestar y el crecimiento personal. Cada colecci\u00f3n refleja nuestro compromiso por brindarte lo mejor, porque entendemos que el deporte no es solo una actividad, sino un estilo de vida.<\/p><p>Te invitamos a descubrir una nueva forma de sentirte empoderado mientras te mueves, porque en nuestra boutique, no solo dise\u00f1amos ropa, sino experiencias para que lleves tu mejor versi\u00f3n a cada entrenamiento.<\/p>\n\t\t\t\t\t<\/div>\n\t\t\t\t\t\t<\/div>\n\t\t\t\t<\/div>\n\t\t\t\t<\/div>\n\t\t\t\t\t<\/div>\n\t\t\t\t<\/div>\n\t\t\t\t<\/div>","protected":false},"excerpt":{"rendered":"<p>\u00bfQuienes somos? En nuestra boutique de ropa deportiva, fundada en 2021 por nuestra creadora Natasha L\u00f3pez, combinamos pasi\u00f3n por el<\/p>","protected":false},"author":2,"featured_media":0,"parent":0,"menu_order":0,"comment_status":"closed","ping_status":"closed","template":"","meta":{"footnotes":""},"class_list":["post-16132","page","type-page","status-publish","hentry"],"_links":{"self":[{"href":"https:\/\/tata.com.co\/en\/wp-json\/wp\/v2\/pages\/16132","targetHints":{"allow":["GET"]}}],"collection":[{"href":"https:\/\/tata.com.co\/en\/wp-json\/wp\/v2\/pages"}],"about":[{"href":"https:\/\/tata.com.co\/en\/wp-json\/wp\/v2\/types\/page"}],"author":[{"embeddable":true,"href":"https:\/\/tata.com.co\/en\/wp-json\/wp\/v2\/users\/2"}],"replies":[{"embeddable":true,"href":"https:\/\/tata.com.co\/en\/wp-json\/wp\/v2\/comments?post=16132"}],"version-history":[{"count":3,"href":"https:\/\/tata.com.co\/en\/wp-json\/wp\/v2\/pages\/16132\/revisions"}],"predecessor-version":[{"id":36853,"href":"https:\/\/tata.com.co\/en\/wp-json\/wp\/v2\/pages\/16132\/revisions\/36853"}],"wp:attachment":[{"href":"https:\/\/tata.com.co\/en\/wp-json\/wp\/v2\/media?parent=16132"}],"curies":[{"name":"wp","href":"https:\/\/api.w.org\/{rel}","templated":true}]}}